{"id":17,"date":"2023-04-30T03:21:48","date_gmt":"2023-04-30T03:21:48","guid":{"rendered":"https:\/\/www.westricher-blubbis.de\/?page_id=17"},"modified":"2023-04-30T04:08:49","modified_gmt":"2023-04-30T04:08:49","slug":"ueber-uns","status":"publish","type":"page","link":"https:\/\/www.westricher-blubbis.de\/?page_id=17","title":{"rendered":"\u00dcber uns"},"content":{"rendered":"\n<figure class=\"wp-block-image size-full\"><img loading=\"lazy\" decoding=\"async\" width=\"664\" height=\"150\" src=\"https:\/\/www.westricher-blubbis.de\/wp-content\/uploads\/2023\/04\/cropped-Kopf_02c-1-2.png\" alt=\"\" class=\"wp-image-47\" srcset=\"https:\/\/www.westricher-blubbis.de\/wp-content\/uploads\/2023\/04\/cropped-Kopf_02c-1-2.png 664w, https:\/\/www.westricher-blubbis.de\/wp-content\/uploads\/2023\/04\/cropped-Kopf_02c-1-2-300x68.png 300w\" sizes=\"(max-width: 664px) 100vw, 664px\" \/><\/figure>\n\n\n\n<h4 class=\"wp-block-heading\">Vereinsgeschichte<\/h4>\n\n\n\n<p>Der Verein wurde 1987 von 20 Tauchsportbegeisterten gegr\u00fcndet und erlebte seither eine rasante Entwicklung. Das Freizeitangebot erstreckt sich von unserem w\u00f6chentlichen Schwimmbadtraining \u00fcber gemeinsame Tauchg\u00e4nge und Tauchausfahrten bis hin zu Tauchurlauben und Festen.<\/p>\n\n\n\n<h4 class=\"wp-block-heading\">Mitglied werden<\/h4>\n\n\n\n<p>Antr\u00e4ge auf Mitgliedschaft sind schriftlich zu stellen. Minderj\u00e4hrige ben\u00f6tigen die Einverst\u00e4ndniserkl\u00e4rung der Erziehungsberechtigten.<\/p>\n\n\n\n<p>Aufnahmeformulare sind beim 1. Vorsitzenden erh\u00e4ltlich.<\/p>\n\n\n\n<figure class=\"wp-block-table is-style-stripes\"><table><tbody><tr><td><strong>Mitgliederbeitr\u00e4ge<\/strong><\/td><\/tr><tr><td>Erwachsene<\/td><td>6,50 \u20ac<\/td><\/tr><tr><td>Ehepartner<\/td><td>5,&#8211; \u20ac<\/td><\/tr><tr><td>Passive Mitglieder<\/td><td>5,&#8211; \u20ac<\/td><\/tr><tr><td>Kinder bis 12 Jahre<\/td><td>2,&#8211; \u20ac<\/td><\/tr><tr><td>Kinder bis 14 Jahre<\/td><td>2,&#8211; \u20ac<\/td><\/tr><tr><td>Jugendliche bis 18 Jahre Studenten \/ Azubis<\/td><td>4,&#8211; \u20ac<\/td><\/tr><tr><td><strong>einmaliger Aufnahmebeitrag<\/strong><\/td><\/tr><tr><td>Jugendliche bis 12 Jahren:<\/td><td>-keine-<\/td><\/tr><tr><td>Jugendliche bis 14 Jahren:<\/td><td>10,&#8211; \u20ac<\/td><\/tr><tr><td>Jugendliche bis 18 Jahre Studenten \/ Azubis:<\/td><td>25,&#8211; \u20ac<\/td><\/tr><tr><td>Erwachsene\/Ehepartner\/Passive:<\/td><td>50,&#8211; \u20ac<\/td><\/tr><\/tbody><\/table><\/figure>\n","protected":false},"excerpt":{"rendered":"<p>Vereinsgeschichte Der Verein wurde 1987 von 20 Tauchsportbegeisterten gegr\u00fcndet und erlebte seither eine rasante Entwicklung. Das Freizeitangebot erstreckt sich von unserem w\u00f6chentlichen Schwimmbadtraining \u00fcber gemeinsame Tauchg\u00e4nge und Tauchausfahrten bis hin zu Tauchurlauben und Festen. Mitglied werden Antr\u00e4ge auf Mitgliedschaft sind schriftlich zu stellen. Minderj\u00e4hrige ben\u00f6tigen die Einverst\u00e4ndniserkl\u00e4rung der Erziehungsberechtigten. Aufnahmeformulare sind beim 1. Vorsitzenden erh\u00e4ltlich.&hellip; <a class=\"more-link\" href=\"https:\/\/www.westricher-blubbis.de\/?page_id=17\"><span class=\"screen-reader-text\">\u00dcber uns<\/span> weiterlesen<\/a><\/p>\n","protected":false},"author":1,"featured_media":0,"parent":13,"menu_order":0,"comment_status":"closed","ping_status":"closed","template":"","meta":{"footnotes":""},"_links":{"self":[{"href":"https:\/\/www.westricher-blubbis.de\/index.php?rest_route=\/wp\/v2\/pages\/17"}],"collection":[{"href":"https:\/\/www.westricher-blubbis.de\/index.php?rest_route=\/wp\/v2\/pages"}],"about":[{"href":"https:\/\/www.westricher-blubbis.de\/index.php?rest_route=\/wp\/v2\/types\/page"}],"author":[{"embeddable":true,"href":"https:\/\/www.westricher-blubbis.de\/index.php?rest_route=\/wp\/v2\/users\/1"}],"replies":[{"embeddable":true,"href":"https:\/\/www.westricher-blubbis.de\/index.php?rest_route=%2Fwp%2Fv2%2Fcomments&post=17"}],"version-history":[{"count":3,"href":"https:\/\/www.westricher-blubbis.de\/index.php?rest_route=\/wp\/v2\/pages\/17\/revisions"}],"predecessor-version":[{"id":49,"href":"https:\/\/www.westricher-blubbis.de\/index.php?rest_route=\/wp\/v2\/pages\/17\/revisions\/49"}],"up":[{"embeddable":true,"href":"https:\/\/www.westricher-blubbis.de\/index.php?rest_route=\/wp\/v2\/pages\/13"}],"wp:attachment":[{"href":"https:\/\/www.westricher-blubbis.de\/index.php?rest_route=%2Fwp%2Fv2%2Fmedia&parent=17"}],"curies":[{"name":"wp","href":"https:\/\/api.w.org\/{rel}","templated":true}]}}